{"id":57408,"date":"2021-08-23T13:34:09","date_gmt":"2021-08-23T13:34:09","guid":{"rendered":"https:\/\/ipv.pt\/estrutura\/"},"modified":"2025-06-05T08:29:32","modified_gmt":"2025-06-05T08:29:32","slug":"structure","status":"publish","type":"page","link":"https:\/\/ipv.pt\/en\/structure\/","title":{"rendered":"Structure"},"content":{"rendered":"<p>[et_pb_section fb_built=&#8221;1&#8243; admin_label=&#8221;Header&#8221; _builder_version=&#8221;4.21.0&#8243; _module_preset=&#8221;61cde739-1ea0-438d-b653-f3abdb47464f&#8221; use_background_color_gradient=&#8221;on&#8221; background_color_gradient_stops=&#8221;rgba(43,46,52,0.43) 0%|rgba(43,46,52,0.43) 100%&#8221; background_color_gradient_overlays_image=&#8221;on&#8221; background_color_gradient_start=&#8221;rgba(43,46,52,0.43)&#8221; background_color_gradient_end=&#8221;rgba(43,46,52,0.43)&#8221; background_image=&#8221;https:\/\/ipv.pt\/wp-content\/uploads\/2021\/06\/abstract_10-2.jpg&#8221; collapsed=&#8221;off&#8221; global_colors_info=&#8221;{}&#8221;][et_pb_row _builder_version=&#8221;4.21.0&#8243; _module_preset=&#8221;8d585fec-ce39-41ab-8dea-1b4e671abd9b&#8221; global_colors_info=&#8221;{}&#8221;][et_pb_column type=&#8221;4_4&#8243; _builder_version=&#8221;4.16&#8243; _module_preset=&#8221;default&#8221; global_colors_info=&#8221;{}&#8221;][et_pb_text admin_label=&#8221;T\u00edtulo&#8221; _builder_version=&#8221;4.27.4&#8243; _module_preset=&#8221;628913dc-903b-400f-a41f-04d9eb876320&#8243; text_font=&#8221;|800|||||||&#8221; text_font_size=&#8221;60px&#8221; text_line_height=&#8221;64px&#8221; header_3_font_size=&#8221;60px&#8221; global_colors_info=&#8221;{}&#8221;]<\/p>\n<h1>Structure<\/h1>\n<p>[\/et_pb_text][\/et_pb_column][\/et_pb_row][\/et_pb_section][et_pb_section fb_built=&#8221;1&#8243; admin_label=&#8221;Sobre&#8221; module_id=&#8221;about&#8221; _builder_version=&#8221;4.21.0&#8243; _module_preset=&#8221;fb143b92-0160-47e7-9340-ca0f139cd099&#8243; background_color=&#8221;#FFFFFF&#8221; collapsed=&#8221;off&#8221; global_colors_info=&#8221;{}&#8221;][et_pb_row _builder_version=&#8221;4.21.0&#8243; _module_preset=&#8221;291daa8b-eacf-4271-8a58-e59b880a1e7e&#8221; global_colors_info=&#8221;{}&#8221;][et_pb_column type=&#8221;4_4&#8243; _builder_version=&#8221;4.16&#8243; _module_preset=&#8221;default&#8221; global_colors_info=&#8221;{}&#8221;][et_pb_text admin_label=&#8221;T\u00edtulo&#8221; _builder_version=&#8221;4.27.4&#8243; _module_preset=&#8221;456589a2-7514-4617-a87f-f44e5cf9f9bd&#8221; header_4_font_size=&#8221;60px&#8221; locked=&#8221;off&#8221; global_colors_info=&#8221;{}&#8221;]<\/p>\n<h2>About<\/h2>\n<p>[\/et_pb_text][et_pb_text admin_label=&#8221;Texto&#8221; _builder_version=&#8221;4.21.0&#8243; _module_preset=&#8221;456589a2-7514-4617-a87f-f44e5cf9f9bd&#8221; custom_padding=&#8221;||0px|||&#8221; global_colors_info=&#8221;{}&#8221;]The structure of the IPV and its organization are laid down in its general statutes, in Articles 9 to 11, that stress that the Institute is responsible for staff management, administrative and financial management, overall planning and technical support, coordination of the activities of the different organic units and other services, constantly focusing on the rationalization and optimization of the resources granted.<\/p>\n<p>The Instituto Polit\u00e9cnico de Viseu comprises a wide range of services serving the different academic activities and that will also provide permanent technical or administrative support. It also offers Social Welfare Services with administrative and financial autonomy that will make sure that the school is capable of fulfilling its social role. The IPV integrates the following teaching and research organic units: the Escola Superior de Educa\u00e7\u00e3o (the Higher School of Education of Viseu), the Escola Superior de Tecnologia e Gest\u00e3o de Viseu (the Higher School of Technology and Management of Viseu), the Escola Superior Agr\u00e1ria (the Higher School of Agriculture of Viseu), the Escola Superior de Sa\u00fade (School of Health of Viseu) and the Escola Superior de Tecnologia e Gest\u00e3o de Lamego (the Higher School of Technology and Management of Lamego).[\/et_pb_text][\/et_pb_column][\/et_pb_row][\/et_pb_section][et_pb_section fb_built=&#8221;1&#8243; admin_label=&#8221;Sobre&#8221; _builder_version=&#8221;4.27.4&#8243; _module_preset=&#8221;fb143b92-0160-47e7-9340-ca0f139cd099&#8243; background_color=&#8221;#2B2E34&#8243; hover_enabled=&#8221;0&#8243; collapsed=&#8221;off&#8221; global_colors_info=&#8221;{}&#8221; sticky_enabled=&#8221;0&#8243;][et_pb_row column_structure=&#8221;1_2,1_2&#8243; _builder_version=&#8221;4.21.0&#8243; _module_preset=&#8221;291daa8b-eacf-4271-8a58-e59b880a1e7e&#8221; global_colors_info=&#8221;{}&#8221;][et_pb_column type=&#8221;1_2&#8243; _builder_version=&#8221;4.16&#8243; _module_preset=&#8221;default&#8221; global_colors_info=&#8221;{}&#8221;][et_pb_image src=&#8221;https:\/\/ipv.pt\/wp-content\/uploads\/2021\/08\/orgaos_sc-2.jpg&#8221; title_text=&#8221;orgaos_sc&#8221; admin_label=&#8221;Imagem&#8221; _builder_version=&#8221;4.21.0&#8243; _module_preset=&#8221;d61182bd-dd29-4a81-9dbb-f235a59bc018&#8243; background_enable_color=&#8221;off&#8221; background_enable_image=&#8221;off&#8221; custom_padding=&#8221;|48px||||&#8221; locked=&#8221;off&#8221; global_colors_info=&#8221;{}&#8221;][\/et_pb_image][\/et_pb_column][et_pb_column type=&#8221;1_2&#8243; _builder_version=&#8221;4.16&#8243; _module_preset=&#8221;default&#8221; global_colors_info=&#8221;{}&#8221;][et_pb_text content_tablet=&#8221;<\/p>\n<h2>\u00d3rg\u00e3os do IPV<\/h2>\n<p>&#8221; content_phone=&#8221;<\/p>\n<h3>\u00d3rg\u00e3os do IPV<\/h3>\n<p>&#8221; content_last_edited=&#8221;off|desktop&#8221; admin_label=&#8221;T\u00edtulo&#8221; _builder_version=&#8221;4.27.4&#8243; _module_preset=&#8221;628913dc-903b-400f-a41f-04d9eb876320&#8243; global_colors_info=&#8221;{}&#8221;]<\/p>\n<h2>IPV Bodies<\/h2>\n<p>[\/et_pb_text][et_pb_text _builder_version=&#8221;4.21.0&#8243; _module_preset=&#8221;628913dc-903b-400f-a41f-04d9eb876320&#8243; global_colors_info=&#8221;{}&#8221;]<\/p>\n<p>The bodies of the IPV are the General Council, the President and the Management Council, the Academic Senate and the Council for Assessment and Quality. The IPV also includes a Student\u2019s Ombudsperson, as defined by its statues.<\/p>\n<p>[\/et_pb_text][et_pb_toggle title=&#8221;Management Board 2021 \u2013 2025&#8243; content_last_edited=&#8221;off|desktop&#8221; module_id=&#8221;accordion&#8221; _builder_version=&#8221;4.27.4&#8243; _module_preset=&#8221;72c4372e-a200-4a57-8bf5-15a1c5ff5e5a&#8221; title_level=&#8221;h3&#8243; global_colors_info=&#8221;{}&#8221;]<\/p>\n<table style=\"border-collapse: collapse;width: 100%;background-color: #2b2e34;border-color: #2b2e34\">\n<caption>Dire\u00e7\u00e3o 2021 &#8211; 2025 &#8211; Presid\u00eancia<\/caption>\n<tbody>\n<tr>\n<th colspan=\"2\" style=\"font-size: 18px;color: #feb02a;font-family: 'PV Sans Bold';background-color: #2b2e34;border-color: #2b2e34;width: 100%\">Presid\u00eancia<\/th>\n<\/tr>\n<tr>\n<td style=\"width: 21.2908%;border-color: #2b2e34;background-color: #2b2e34\">\n<div class=\"circle\"><img loading=\"lazy\" decoding=\"async\" src=\"https:\/\/ipv.pt\/wp-content\/uploads\/2022\/02\/presidente_JC.jpg\" width=\"200\" height=\"200\" \/><\/div>\n<\/td>\n<td style=\"width: 78.7092%;border-color: #2b2e34;background-color: #2b2e34\">Jos\u00e9 dos Santos Costa<br \/><span class=\"et-pb-icon\" style=\"font-size: 18px;color: #feb02a\">\ue05a <\/span> Presidente do IPV<br \/><span class=\"et-pb-icon\" style=\"font-size: 20px;color: #feb02a\">\ue076<\/span><a href=\"mailto:josesantoscosta@sc.ipv.pt\"> josesantoscosta<img loading=\"lazy\" decoding=\"async\" src=\"https:\/\/ipv.pt\/wp-content\/uploads\/2021\/10\/At_branco.png\" width=\"13\" height=\"16\" \/>sc.ipv.pt<\/a><\/td>\n<\/tr>\n<tr>\n<td style=\"width: 21.2908%;border-color: #2b2e34;background-color: #2b2e34\">\n<div class=\"circle\"><img loading=\"lazy\" decoding=\"async\" src=\"https:\/\/ipv.pt\/wp-content\/uploads\/2022\/02\/ftimg_2036-1024x683-1.jpg\" width=\"200\" height=\"200\" \/><\/div>\n<\/td>\n<td style=\"width: 78.7092%;border-color: #2b2e34;background-color: #2b2e34\">Jo\u00e3o Manuel Vinhas Ramos Marques<br \/><span class=\"et-pb-icon\" style=\"font-size: 18px;color: #feb02a\">\ue05a<\/span> Vice-Presidente do IPV<br \/><span class=\"et-pb-icon\" style=\"font-size: 20px;color: #feb02a\">\ue076<\/span> <a href=\"mailto:joao.vinhas@sc.ipv.pt\"> joao.vinhas<img loading=\"lazy\" decoding=\"async\" src=\"https:\/\/ipv.pt\/wp-content\/uploads\/2021\/10\/At_branco.png\" width=\"13\" height=\"16\" \/>sc.ipv.pt<\/a><\/td>\n<\/tr>\n<tr>\n<td style=\"width: 21.2908%;border-color: #2b2e34;background-color: #2b2e34\">\n<div class=\"circle\"><img loading=\"lazy\" decoding=\"async\" src=\"https:\/\/ipv.pt\/wp-content\/uploads\/2022\/02\/ftimg_2038-1024x683-1.jpg\" width=\"200\" height=\"200\" \/><\/div>\n<\/td>\n<td style=\"width: 78.7092%;border-color: #2b2e34;background-color: #2b2e34\">Helena Maria Vala Correia<br \/><span class=\"et-pb-icon\" style=\"font-size: 18px;color: #feb02a\">\ue05a<\/span> Vice-Presidente do IPV<br \/><span class=\"et-pb-icon\" style=\"font-size: 20px;color: #feb02a\">\ue076<\/span> <a href=\"mailto:h.vala@sc.ipv.pt\"> h.vala<img loading=\"lazy\" decoding=\"async\" src=\"https:\/\/ipv.pt\/wp-content\/uploads\/2021\/10\/At_branco.png\" width=\"13\" height=\"16\" \/>sc.ipv.pt<\/a><\/td>\n<\/tr>\n<tr>\n<td style=\"width: 21.2908%;border-color: #2b2e34;background-color: #2b2e34\">\n<div class=\"circle\"><img decoding=\"async\" src=\"https:\/\/ipv.pt\/wp-content\/uploads\/2022\/02\/ftimg_2026_a-1024x677-1.jpg\" \/><\/div>\n<\/td>\n<td style=\"width: 78.7092%;border-color: #2b2e34;background-color: #2b2e34\">Jo\u00e3o Paulo Balula<br \/><span class=\"et-pb-icon\" style=\"font-size: 18px;color: #feb02a\">\ue05a<\/span> Vice-Presidente do IPV<br \/><span class=\"et-pb-icon\" style=\"font-size: 20px;color: #feb02a\">\ue076<\/span> <a href=\"mailto:jprbalula@sc.ipv.pt\"> jprbalula<img loading=\"lazy\" decoding=\"async\" src=\"https:\/\/ipv.pt\/wp-content\/uploads\/2021\/10\/At_branco.png\" width=\"13\" height=\"16\" \/>sc.ipv.pt<\/a><\/td>\n<\/tr>\n<\/tbody>\n<\/table>\n<table style=\"border-collapse: collapse;background-color: #2b2e34;border-color: #2b2e34\">\n<caption>Dire\u00e7\u00e3o 2021 &#8211; 2025 &#8211; Administradores<\/caption>\n<tbody>\n<tr>\n<th colspan=\"2\" style=\"font-size: 18px;color: #feb02a;font-family: 'PV Sans Bold';background-color: #2b2e34;border-color: #2b2e34;width: 100%\">Administradores<\/th>\n<\/tr>\n<tr>\n<td style=\"width: 21.2908%;border-color: #2b2e34;background-color: #2b2e34\">\n<div class=\"circle\"><img loading=\"lazy\" decoding=\"async\" src=\"https:\/\/ipv.pt\/wp-content\/uploads\/2024\/07\/ccoimbra-4.jpg\" width=\"752\" height=\"755\" alt=\"\" class=\"wp-image-73348 alignnone size-full\" srcset=\"https:\/\/ipv.pt\/wp-content\/uploads\/2024\/07\/ccoimbra-4.jpg 752w, https:\/\/ipv.pt\/wp-content\/uploads\/2024\/07\/ccoimbra-4-480x482.jpg 480w\" sizes=\"(min-width: 0px) and (max-width: 480px) 480px, (min-width: 481px) 752px, 100vw\" \/><\/div>\n<\/td>\n<td style=\"width: 78.7092%;border-color: #2b2e34;background-color: #2b2e34\">Carla Coimbra<br \/><span class=\"et-pb-icon\" style=\"font-size: 18px;color: #feb02a\">\ue05a <\/span>Administradora do IPV<br \/><span class=\"et-pb-icon\" style=\"font-size: 20px;color: #feb02a\">\ue076<\/span><a href=\"mailto:ccoimbra@sc.ipv.pt\"> ccoimbra<img loading=\"lazy\" decoding=\"async\" src=\"https:\/\/ipv.pt\/wp-content\/uploads\/2021\/10\/At_branco.png\" width=\"13\" height=\"16\" \/>sc.ipv.pt<\/a><\/td>\n<\/tr>\n<tr>\n<td style=\"width: 21.2908%;border-color: #2b2e34;background-color: #2b2e34\">\n<div class=\"circle\"><img loading=\"lazy\" decoding=\"async\" src=\"https:\/\/ipv.pt\/wp-content\/uploads\/2025\/01\/Guilherme-Almeida-1-1024x1024.jpg\" width=\"1024\" height=\"1024\" alt=\"\" class=\"wp-image-76973 alignnone size-large\" srcset=\"https:\/\/ipv.pt\/wp-content\/uploads\/2025\/01\/Guilherme-Almeida-1-1024x1024.jpg 1024w, https:\/\/ipv.pt\/wp-content\/uploads\/2025\/01\/Guilherme-Almeida-1-980x980.jpg 980w, https:\/\/ipv.pt\/wp-content\/uploads\/2025\/01\/Guilherme-Almeida-1-480x480.jpg 480w\" sizes=\"(min-width: 0px) and (max-width: 480px) 480px, (min-width: 481px) and (max-width: 980px) 980px, (min-width: 981px) 1024px, 100vw\" \/><\/div>\n<\/td>\n<td style=\"width: 78.7092%;border-color: #2b2e34;background-color: #2b2e34\">Guilherme Almeida<br \/><span class=\"et-pb-icon\" style=\"font-size: 18px;color: #feb02a\">\ue05a<\/span> Administrador do SAS<br \/><span class=\"et-pb-icon\" style=\"font-size: 20px;color: #feb02a\">\ue076<\/span> <a href=\"mailto:guilherme.almeida@sc.ipv.pt\">guilherme.almeida<img loading=\"lazy\" decoding=\"async\" src=\"https:\/\/ipv.pt\/wp-content\/uploads\/2021\/10\/At_branco.png\" width=\"13\" height=\"16\" \/>sc.ipv.pt<\/a><\/td>\n<\/tr>\n<\/tbody>\n<\/table>\n<table style=\"border-collapse: collapse;width: 100%;border-color: #2b2e34\">\n<caption>Dire\u00e7\u00e3o 2021 &#8211; 2025 &#8211; Pr\u00f3-Presid\u00eancia<\/caption>\n<tbody>\n<tr>\n<th colspan=\"2\" style=\"font-size: 18px;color: #feb02a;font-family: PV Sans Bold;background-color: #2b2e34;border-color: #2b2e34\">Pr\u00f3-Presid\u00eancia<\/th>\n<\/tr>\n<tr>\n<td style=\"width: 25%;border-color: #2b2e34;background-color: #2b2e34\">\n<div class=\"circle\"><img loading=\"lazy\" decoding=\"async\" src=\"https:\/\/ipv.pt\/wp-content\/uploads\/2022\/02\/ftimg_2208-1.jpg\" width=\"200\" height=\"200\" \/><\/div>\n<\/td>\n<td style=\"width: 75%;border-color: #2b2e34;background-color: #2b2e34\">Cristina Wanzeller<br \/><span class=\"et-pb-icon\" style=\"font-size: 18px;color: #feb02a\">\ue05a <\/span> Inform\u00e1tica &#8211; Sistemas de Informa\u00e7\u00e3o<\/td>\n<\/tr>\n<tr>\n<td style=\"width: 25%;border-color: #2b2e34;background-color: #2b2e34\">\n<div class=\"circle\"><img loading=\"lazy\" decoding=\"async\" src=\"https:\/\/ipv.pt\/wp-content\/uploads\/2022\/02\/ftimg_2202-1.jpg\" width=\"200\" height=\"200\" \/><\/div>\n<\/td>\n<td style=\"width: 75%;border-color: #2b2e34;background-color: #2b2e34\">Cristina Barroco<br \/><span class=\"et-pb-icon\" style=\"font-size: 18px;color: #feb02a\">\ue05a <\/span> Liga\u00e7\u00e3o \u00e0 Comunidade e Transfer\u00eancia de Conhecimento<\/td>\n<\/tr>\n<tr>\n<td style=\"width: 25%;border-color: #2b2e34;background-color: #2b2e34\">\n<div class=\"circle\"><img loading=\"lazy\" decoding=\"async\" src=\"https:\/\/ipv.pt\/wp-content\/uploads\/2024\/07\/abel_figueiredo-002-5.jpg\" width=\"278\" height=\"290\" alt=\"\" class=\"wp-image-73191 alignnone size-full\" \/><\/div>\n<\/td>\n<td style=\"width: 75%;border-color: #2b2e34;background-color: #2b2e34\">Abel Figueiredo<br \/><span class=\"et-pb-icon\" style=\"font-size: 18px;color: #feb02a\">\ue05a <\/span> Sa\u00fade, Desporto, Bem-estar e Sustentabilidade<\/td>\n<\/tr>\n<tr>\n<td style=\"width: 25%;border-color: #2b2e34;background-color: #2b2e34\">\n<div class=\"circle\"><img loading=\"lazy\" decoding=\"async\" src=\"https:\/\/ipv.pt\/wp-content\/uploads\/2022\/02\/ftimg_2228-1.jpg\" width=\"200\" height=\"200\" \/><\/div>\n<\/td>\n<td style=\"width: 75%;border-color: #2b2e34;background-color: #2b2e34\">Filipe Caldeira<br \/><span class=\"et-pb-icon\" style=\"font-size: 18px;color: #feb02a\">\ue05a <\/span> Inform\u00e1tica &#8211; Infraestruturas<\/td>\n<\/tr>\n<tr>\n<td style=\"width: 25%;border-color: #2b2e34;background-color: #2b2e34\">\n<div class=\"circle\"><img loading=\"lazy\" decoding=\"async\" src=\"https:\/\/ipv.pt\/wp-content\/uploads\/2022\/02\/ftimg_2219-1.jpg\" width=\"200\" height=\"200\" \/><\/div>\n<\/td>\n<td style=\"width: 75%;border-color: #2b2e34;background-color: #2b2e34\">Joaquim Antunes<br \/><span class=\"et-pb-icon\" style=\"font-size: 18px;color: #feb02a\">\ue05a <\/span> Coordena\u00e7\u00e3o Institucional<\/td>\n<\/tr>\n<tr>\n<td style=\"width: 25%;border-color: #2b2e34;background-color: #2b2e34\">\n<div class=\"circle\"><img loading=\"lazy\" decoding=\"async\" src=\"https:\/\/ipv.pt\/wp-content\/uploads\/2023\/11\/luisaAugusto-1.jpg\" width=\"200\" height=\"200\" \/><\/div>\n<\/td>\n<td style=\"width: 75%;border-color: #2b2e34;background-color: #2b2e34\">Luisa Augusto<br \/><span class=\"et-pb-icon\" style=\"font-size: 18px;color: #feb02a\">\ue05a <\/span> Comunica\u00e7\u00e3o Estrat\u00e9gica<\/td>\n<\/tr>\n<tr>\n<td style=\"width: 25%;border-color: #2b2e34;background-color: #2b2e34\">\n<div class=\"circle\"><img loading=\"lazy\" decoding=\"async\" src=\"https:\/\/ipv.pt\/wp-content\/uploads\/2022\/02\/ftimg_2213-1.jpg\" width=\"200\" height=\"200\" \/><\/div>\n<\/td>\n<td style=\"width: 75%;border-color: #2b2e34;background-color: #2b2e34\">Paula Correia<br \/><span class=\"et-pb-icon\" style=\"font-size: 18px;color: #feb02a\">\ue05a <\/span> Investiga\u00e7\u00e3o e Inova\u00e7\u00e3o<\/td>\n<\/tr>\n<tr>\n<td style=\"width: 25%;border-color: #2b2e34;background-color: #2b2e34\">\n<div class=\"circle\"><img loading=\"lazy\" decoding=\"async\" src=\"https:\/\/ipv.pt\/wp-content\/uploads\/2022\/02\/ftimg_2215-1.jpg\" width=\"200\" height=\"200\" \/><\/div>\n<\/td>\n<td style=\"width: 75%;border-color: #2b2e34;background-color: #2b2e34\">Paulo Mendes<br \/><span class=\"et-pb-icon\" style=\"font-size: 18px;color: #feb02a\">\ue05a <\/span> Infraestruturas e Manuten\u00e7\u00e3o do Edificado<\/td>\n<\/tr>\n<tr>\n<td style=\"width: 25%;border-color: #2b2e34;background-color: #2b2e34\">\n<div class=\"circle\"><img loading=\"lazy\" decoding=\"async\" src=\"https:\/\/ipv.pt\/wp-content\/uploads\/2022\/03\/Sandra-Antunes.jpg\" width=\"200\" height=\"200\" \/><\/div>\n<\/td>\n<td style=\"width: 75%;border-color: #2b2e34;background-color: #2b2e34\">Sandra Antunes<br \/><span class=\"et-pb-icon\" style=\"font-size: 18px;color: #feb02a\">\ue05a <\/span> Responsabilidade e Inova\u00e7\u00e3o Social<\/td>\n<\/tr>\n<tr>\n<td style=\"width: 25%;border-color: #2b2e34;background-color: #2b2e34\">\n<div class=\"circle\"><img loading=\"lazy\" decoding=\"async\" src=\"https:\/\/ipv.pt\/wp-content\/uploads\/2023\/11\/susanaAmante.jpg\" width=\"200\" height=\"200\" \/><\/div>\n<\/td>\n<td style=\"width: 75%;border-color: #2b2e34;background-color: #2b2e34\">Susana Amante<br \/><span class=\"et-pb-icon\" style=\"font-size: 18px;color: #feb02a\">\ue05a <\/span> Rela\u00e7\u00f5es Internacionais<\/td>\n<\/tr>\n<tr>\n<td style=\"width: 25%;border-color: #2b2e34;background-color: #2b2e34\">\n<div class=\"circle\"><img loading=\"lazy\" decoding=\"async\" src=\"https:\/\/ipv.pt\/wp-content\/uploads\/2023\/10\/6-1-150x150.jpg\" width=\"197\" height=\"197\" alt=\"\" class=\"wp-image-55292 alignnone size-thumbnail\" \/><\/div>\n<\/td>\n<td style=\"width: 75%;border-color: #2b2e34;background-color: #2b2e34\">Maria Pacheco Figueiredo<br \/><span class=\"et-pb-icon\" style=\"font-size: 18px;color: #feb02a\">\ue05a <\/span> Universidade Europeia Eunice<\/td>\n<\/tr>\n<tr>\n<td style=\"width: 25%;border-color: #2b2e34;background-color: #2b2e34\"><\/td>\n<td style=\"width: 75%;border-color: #2b2e34;background-color: #2b2e34\"><\/td>\n<\/tr>\n<\/tbody>\n<\/table>\n<p>&nbsp;<\/p>\n<div class=\"border_bottom-claro\"><\/div>\n<p class=\"flip-left accordion-preta\">Anteriores<\/p>\n<div class=\"panel-preta\">\n<ul>\n<li style=\"list-style-type: none\">\n<ul>\n<li style=\"list-style-type: none\"><span class=\"et-pb-icon\" style=\"font-size: 20px;color: #feb02a\">\ue08a <\/span>Jo\u00e3o Lu\u00eds Monney de S\u00e1 Paiva<\/li>\n<li style=\"list-style-type: none\"><span class=\"et-pb-icon\" style=\"font-size: 20px;color: #feb02a\">\ue08a <\/span>Fernando Sebasti\u00e3o<\/li>\n<li style=\"list-style-type: none\"><span class=\"et-pb-icon\" style=\"font-size: 20px;color: #feb02a\">\ue08a <\/span>Jo\u00e3o Pedro Antas Barros<\/li>\n<li style=\"list-style-type: none\"><span class=\"et-pb-icon\" style=\"font-size: 20px;color: #feb02a\">\ue08a <\/span>Alberto Vara Branco<\/li>\n<\/ul>\n<\/li>\n<\/ul>\n<\/div>\n<p>[\/et_pb_toggle][et_pb_button button_url=&#8221;@ET-DC@eyJkeW5hbWljIjp0cnVlLCJjb250ZW50IjoicG9zdF9saW5rX3VybF9wYWdlIiwic2V0dGluZ3MiOnsicG9zdF9pZCI6IjE2NjU1IiwiZW5hYmxlX2h0bWwiOiJvZmYifX0=@&#8221; button_text=&#8221;General Council&#8221; _builder_version=&#8221;4.27.4&#8243; _dynamic_attributes=&#8221;button_url&#8221; _module_preset=&#8221;0680c590-706a-4d62-bab8-2c625682baa2&#8243; button_text_size=&#8221;23px&#8221; global_colors_info=&#8221;{}&#8221;][\/et_pb_button][\/et_pb_column][\/et_pb_row][\/et_pb_section][et_pb_section fb_built=&#8221;1&#8243; admin_label=&#8221;Modulo2&#8243; _builder_version=&#8221;4.16&#8243; _module_preset=&#8221;fb143b92-0160-47e7-9340-ca0f139cd099&#8243; background_color=&#8221;#F5F5F5&#8243; collapsed=&#8221;off&#8221; global_colors_info=&#8221;{}&#8221;][et_pb_row column_structure=&#8221;1_2,1_2&#8243; module_id=&#8221;servicos&#8221; _builder_version=&#8221;4.21.0&#8243; _module_preset=&#8221;7c997c4a-b177-44c0-9cc9-72aa3f7d6c40&#8243; global_colors_info=&#8221;{}&#8221;][et_pb_column type=&#8221;1_2&#8243; _builder_version=&#8221;4.16&#8243; _module_preset=&#8221;default&#8221; global_colors_info=&#8221;{}&#8221;][et_pb_text content_tablet=&#8221;<\/p>\n<h2>Servi\u00e7os Centrais<\/h2>\n<p>&#8221; content_phone=&#8221;<\/p>\n<h3>Servi\u00e7os Centrais<\/h3>\n<p>&#8221; content_last_edited=&#8221;off|desktop&#8221; admin_label=&#8221;T\u00edtulo&#8221; _builder_version=&#8221;4.27.4&#8243; _module_preset=&#8221;456589a2-7514-4617-a87f-f44e5cf9f9bd&#8221; header_4_font_size=&#8221;60px&#8221; global_colors_info=&#8221;{}&#8221;]<\/p>\n<h2>Central Services<\/h2>\n<p>[\/et_pb_text][et_pb_text admin_label=&#8221;Introdu\u00e7\u00e3o&#8221; _builder_version=&#8221;4.21.0&#8243; _module_preset=&#8221;456589a2-7514-4617-a87f-f44e5cf9f9bd&#8221; global_colors_info=&#8221;{}&#8221;]The Central Services of the IPV comprise the Planning, Administration and Financial Management Department, the Legal Department, the Technical Department, the Communication, Culture and External Relations Department, the Studies and Knowledge and Technology Transfer Office and the Assessment and Quality Office.[\/et_pb_text][et_pb_button button_url=&#8221;@ET-DC@eyJkeW5hbWljIjp0cnVlLCJjb250ZW50IjoicG9zdF9saW5rX3VybF9wYWdlIiwic2V0dGluZ3MiOnsicG9zdF9pZCI6IjU4MzEiLCJlbmFibGVfaHRtbCI6Im9mZiJ9fQ==@&#8221; button_text=&#8221;Planning, Administration and Financial Management Department (DPGAF)&#8221; admin_label=&#8221;Bot\u00e3o &#8211; Departamento de Planeamento e Gest\u00e3o Administrativa e Financeira&#8221; _builder_version=&#8221;4.27.4&#8243; _dynamic_attributes=&#8221;button_url&#8221; _module_preset=&#8221;9ec06c1e-9f56-4dab-adf1-cda85d4099e1&#8243; global_colors_info=&#8221;{}&#8221;][\/et_pb_button][et_pb_button button_url=&#8221;@ET-DC@eyJkeW5hbWljIjp0cnVlLCJjb250ZW50IjoicG9zdF9saW5rX3VybF9wYWdlIiwic2V0dGluZ3MiOnsicG9zdF9pZCI6IjE4OTMyIiwiZW5hYmxlX2h0bWwiOiJvZmYifX0=@&#8221; button_text=&#8221;Departamento Jur\u00eddico&#8221; admin_label=&#8221;Bot\u00e3o &#8211; Departamento Jur\u00eddico&#8221; _builder_version=&#8221;4.21.0&#8243; _dynamic_attributes=&#8221;button_url&#8221; _module_preset=&#8221;9ec06c1e-9f56-4dab-adf1-cda85d4099e1&#8243; global_colors_info=&#8221;{}&#8221;][\/et_pb_button][et_pb_button button_url=&#8221;https:\/\/www.ipv.pt\/homepage\/tecnico\/&#8221; button_text=&#8221;Technical Department&#8221; admin_label=&#8221;Bot\u00e3o &#8211; Departamento T\u00e9cnico&#8221; _builder_version=&#8221;4.21.0&#8243; _module_preset=&#8221;9ec06c1e-9f56-4dab-adf1-cda85d4099e1&#8243; global_colors_info=&#8221;{}&#8221;][\/et_pb_button][et_pb_button button_url=&#8221;@ET-DC@eyJkeW5hbWljIjp0cnVlLCJjb250ZW50IjoicG9zdF9saW5rX3VybF9wYWdlIiwic2V0dGluZ3MiOnsicG9zdF9pZCI6IjY3NDAiLCJlbmFibGVfaHRtbCI6Im9mZiJ9fQ==@&#8221; button_text=&#8221;Communicaton Culture and Documentation&#8221; admin_label=&#8221;Bot\u00e3o &#8211; Comunica\u00e7\u00e3o&#8221; _builder_version=&#8221;4.21.0&#8243; _dynamic_attributes=&#8221;button_url&#8221; _module_preset=&#8221;9ec06c1e-9f56-4dab-adf1-cda85d4099e1&#8243; global_colors_info=&#8221;{}&#8221;][\/et_pb_button][et_pb_button button_url=&#8221;@ET-DC@eyJkeW5hbWljIjp0cnVlLCJjb250ZW50IjoicG9zdF9saW5rX3VybF9wYWdlIiwic2V0dGluZ3MiOnsicG9zdF9pZCI6IjM1MzM5IiwiZW5hYmxlX2h0bWwiOiJvZmYifX0=@&#8221; button_text=&#8221;Human Resources&#8221; admin_label=&#8221;Bot\u00e3o &#8211; Servi\u00e7os Inform\u00e1tica&#8221; _builder_version=&#8221;4.21.0&#8243; _dynamic_attributes=&#8221;button_url&#8221; _module_preset=&#8221;9ec06c1e-9f56-4dab-adf1-cda85d4099e1&#8243; global_colors_info=&#8221;{}&#8221;][\/et_pb_button][et_pb_button button_url=&#8221;https:\/\/ipv.pt\/en\/estrutura\/tecnico\/#si&#8221; button_text=&#8221;IT Services&#8221; admin_label=&#8221;Bot\u00e3o &#8211; Servi\u00e7os Inform\u00e1tica&#8221; _builder_version=&#8221;4.21.0&#8243; _module_preset=&#8221;9ec06c1e-9f56-4dab-adf1-cda85d4099e1&#8243; global_colors_info=&#8221;{}&#8221;][\/et_pb_button][\/et_pb_column][et_pb_column type=&#8221;1_2&#8243; _builder_version=&#8221;4.16&#8243; _module_preset=&#8221;default&#8221; global_colors_info=&#8221;{}&#8221;][et_pb_image src=&#8221;https:\/\/ipv.pt\/wp-content\/uploads\/2021\/11\/servicos_centrais_4x4-2.jpg&#8221; alt=&#8221;Servi\u00e7os Centrais&#8221; title_text=&#8221;servicos_centrais_4x4&#8243; admin_label=&#8221;Imagem&#8221; _builder_version=&#8221;4.21.0&#8243; _module_preset=&#8221;d61182bd-dd29-4a81-9dbb-f235a59bc018&#8243; global_colors_info=&#8221;{}&#8221;][\/et_pb_image][\/et_pb_column][\/et_pb_row][\/et_pb_section][et_pb_section fb_built=&#8221;1&#8243; disabled_on=&#8221;on|on|off&#8221; _builder_version=&#8221;4.16&#8243; _module_preset=&#8221;fb143b92-0160-47e7-9340-ca0f139cd099&#8243; background_color=&#8221;#f5f5f5&#8243; bottom_divider_style=&#8221;curve&#8221; bottom_divider_color=&#8221;#2B2E34&#8243; locked=&#8221;off&#8221; collapsed=&#8221;on&#8221; global_colors_info=&#8221;{}&#8221;][\/et_pb_section]<\/p>\n","protected":false},"excerpt":{"rendered":"<p>StructureAboutThe structure of the IPV and its organization are laid down in its general statutes, in Articles 9 to 11, that stress that the Institute is responsible for staff management, [&hellip;]<\/p>\n","protected":false},"author":1,"featured_media":0,"parent":0,"menu_order":18,"comment_status":"closed","ping_status":"closed","template":"","meta":{"_et_pb_use_builder":"on","_et_pb_old_content":"","_et_gb_content_width":"","inline_featured_image":false,"footnotes":""},"class_list":["post-57408","page","type-page","status-publish","hentry"],"_links":{"self":[{"href":"https:\/\/ipv.pt\/en\/wp-json\/wp\/v2\/pages\/57408","targetHints":{"allow":["GET"]}}],"collection":[{"href":"https:\/\/ipv.pt\/en\/wp-json\/wp\/v2\/pages"}],"about":[{"href":"https:\/\/ipv.pt\/en\/wp-json\/wp\/v2\/types\/page"}],"author":[{"embeddable":true,"href":"https:\/\/ipv.pt\/en\/wp-json\/wp\/v2\/users\/1"}],"replies":[{"embeddable":true,"href":"https:\/\/ipv.pt\/en\/wp-json\/wp\/v2\/comments?post=57408"}],"version-history":[{"count":5,"href":"https:\/\/ipv.pt\/en\/wp-json\/wp\/v2\/pages\/57408\/revisions"}],"predecessor-version":[{"id":81521,"href":"https:\/\/ipv.pt\/en\/wp-json\/wp\/v2\/pages\/57408\/revisions\/81521"}],"wp:attachment":[{"href":"https:\/\/ipv.pt\/en\/wp-json\/wp\/v2\/media?parent=57408"}],"curies":[{"name":"wp","href":"https:\/\/api.w.org\/{rel}","templated":true}]}}