{"id":57442,"date":"2021-06-11T16:57:22","date_gmt":"2021-06-11T16:57:22","guid":{"rendered":"https:\/\/ipv.pt\/estudar\/"},"modified":"2024-03-12T15:49:53","modified_gmt":"2024-03-12T15:49:53","slug":"study","status":"publish","type":"page","link":"https:\/\/ipv.pt\/en\/study\/","title":{"rendered":"Study"},"content":{"rendered":"<p>[et_pb_section fb_built=&#8221;1&#8243; module_id=&#8221;ipv-main-content&#8221; _builder_version=&#8221;4.21.0&#8243; _module_preset=&#8221;61cde739-1ea0-438d-b653-f3abdb47464f&#8221; collapsed=&#8221;off&#8221; global_colors_info=&#8221;{}&#8221;][et_pb_row _builder_version=&#8221;4.21.0&#8243; _module_preset=&#8221;8d585fec-ce39-41ab-8dea-1b4e671abd9b&#8221; global_colors_info=&#8221;{}&#8221;][et_pb_column type=&#8221;4_4&#8243; _builder_version=&#8221;4.16&#8243; _module_preset=&#8221;default&#8221; global_colors_info=&#8221;{}&#8221;][et_pb_text admin_label=&#8221;Text&#8221; _builder_version=&#8221;4.21.0&#8243; _module_preset=&#8221;628913dc-903b-400f-a41f-04d9eb876320&#8243; text_font=&#8221;|800|||||||&#8221; text_text_color=&#8221;#ffffff&#8221; text_font_size=&#8221;60px&#8221; text_line_height=&#8221;64px&#8221; global_colors_info=&#8221;{}&#8221;]<\/p>\n<h1>Study<\/h1>\n<p>[\/et_pb_text][\/et_pb_column][\/et_pb_row][\/et_pb_section][et_pb_section fb_built=&#8221;1&#8243; _builder_version=&#8221;4.21.0&#8243; _module_preset=&#8221;default&#8221; background_color=&#8221;#F2F2F2&#8243; custom_padding=&#8221;0px||0px||true|false&#8221; sticky_position=&#8221;top&#8221; global_colors_info=&#8221;{}&#8221; theme_builder_area=&#8221;post_content&#8221;][et_pb_row _builder_version=&#8221;4.21.0&#8243; _module_preset=&#8221;default&#8221; custom_padding=&#8221;0px|10%|0px|10%|true|true&#8221; global_colors_info=&#8221;{}&#8221; theme_builder_area=&#8221;post_content&#8221;][et_pb_column type=&#8221;4_4&#8243; _builder_version=&#8221;4.21.0&#8243; _module_preset=&#8221;default&#8221; border_width_bottom=&#8221;1px&#8221; border_color_bottom=&#8221;#2B2E34&#8243; global_colors_info=&#8221;{}&#8221; theme_builder_area=&#8221;post_content&#8221;][et_pb_menu menu_id=&#8221;172&#8243; module_class=&#8221;ipv-page-submenu&#8221; _builder_version=&#8221;4.21.0&#8243; _module_preset=&#8221;default&#8221; menu_text_color=&#8221;#2B2E34&#8243; menu_font_size=&#8221;13px&#8221; background_color=&#8221;RGBA(255,255,255,0)&#8221; custom_padding=&#8221;5px||5px||true|false&#8221; hover_enabled=&#8221;0&#8243; global_colors_info=&#8221;{}&#8221; theme_builder_area=&#8221;post_content&#8221; sticky_enabled=&#8221;0&#8243;][\/et_pb_menu][\/et_pb_column][\/et_pb_row][\/et_pb_section][et_pb_section fb_built=&#8221;1&#8243; admin_label=&#8221;Escolas&#8221; module_id=&#8221;schools&#8221; _builder_version=&#8221;4.21.0&#8243; _module_preset=&#8221;7fde4bb9-3d81-4a7d-9d30-97147e1b863a&#8221; custom_margin=&#8221;||||false|false&#8221; locked=&#8221;off&#8221; collapsed=&#8221;on&#8221; global_colors_info=&#8221;{}&#8221;][et_pb_row column_structure=&#8221;1_2,1_2&#8243; _builder_version=&#8221;4.21.0&#8243; _module_preset=&#8221;70a29746-2c3f-4dcf-ba6f-b31edc1af29d&#8221; global_colors_info=&#8221;{}&#8221;][et_pb_column type=&#8221;1_2&#8243; _builder_version=&#8221;4.16&#8243; _module_preset=&#8221;default&#8221; global_colors_info=&#8221;{}&#8221;][et_pb_text _builder_version=&#8221;4.21.0&#8243; _module_preset=&#8221;07a2e002-12f8-4363-9d06-62ecc332b833&#8243; global_colors_info=&#8221;{}&#8221;]<\/p>\n<h2>An Institution to suit your needs<\/h2>\n<p>[\/et_pb_text][et_pb_text _builder_version=&#8221;4.21.0&#8243; _module_preset=&#8221;default&#8221; global_colors_info=&#8221;{}&#8221;]The IPV is composed of five higher education institutions: Escola Superior de Educa\u00e7\u00e3o, Escola Superior de Tecnologia e Gest\u00e3o de Viseu, Escola Superior Agr\u00e1ria, Escola Superior de Sa\u00fade e Escola Superior de Tecnologia e Gest\u00e3o de Lamego.<\/p>\n<p>With a comprehensive training network, the IPV combines the excellence of its training, provided by a highly qualified faculty, with unparalleled conditions for study and research.[\/et_pb_text][\/et_pb_column][et_pb_column type=&#8221;1_2&#8243; module_id=&#8221;escolas-btns&#8221; _builder_version=&#8221;4.21.0&#8243; _module_preset=&#8221;default&#8221; global_colors_info=&#8221;{}&#8221;][et_pb_button button_url=&#8221;https:\/\/esav.ipv.pt\/&#8221; url_new_window=&#8221;on&#8221; button_text=&#8221;Escola Superior Agr\u00e1ria&#8221; module_id=&#8221;esav&#8221; _builder_version=&#8221;4.21.0&#8243; _module_preset=&#8221;9ec06c1e-9f56-4dab-adf1-cda85d4099e1&#8243; custom_padding=&#8221;18px||18px|110px|true|false&#8221; global_colors_info=&#8221;{}&#8221; custom_padding__hover=&#8221;|||130px|true|false&#8221;][\/et_pb_button][et_pb_button button_url=&#8221;https:\/\/www.esev.ipv.pt\/&#8221; url_new_window=&#8221;on&#8221; button_text=&#8221;Escola Superior de Educa\u00e7\u00e3o&#8221; _builder_version=&#8221;4.21.0&#8243; _module_preset=&#8221;9ec06c1e-9f56-4dab-adf1-cda85d4099e1&#8243; custom_padding=&#8221;18px||18px|110px|true|false&#8221; global_colors_info=&#8221;{}&#8221; custom_padding__hover=&#8221;|||130px|true|false&#8221;][\/et_pb_button][et_pb_button button_url=&#8221;https:\/\/www.essv.ipv.pt\/&#8221; url_new_window=&#8221;on&#8221; button_text=&#8221;Escola Superior de Sa\u00fade&#8221; _builder_version=&#8221;4.21.0&#8243; _module_preset=&#8221;9ec06c1e-9f56-4dab-adf1-cda85d4099e1&#8243; custom_padding=&#8221;18px||18px|110px|true|false&#8221; global_colors_info=&#8221;{}&#8221; custom_padding__hover=&#8221;|||130px|true|false&#8221;][\/et_pb_button][et_pb_button button_url=&#8221;https:\/\/www1.estgl.ipv.pt\/&#8221; url_new_window=&#8221;on&#8221; button_text=&#8221;Escola Superior Tecnologia e Gest\u00e3o de Lamego&#8221; _builder_version=&#8221;4.21.0&#8243; _module_preset=&#8221;9ec06c1e-9f56-4dab-adf1-cda85d4099e1&#8243; custom_padding=&#8221;18px||18px|110px|true|false&#8221; global_colors_info=&#8221;{}&#8221; custom_padding__hover=&#8221;|||130px|true|false&#8221;][\/et_pb_button][et_pb_button button_url=&#8221;https:\/\/www.estgv.ipv.pt\/estgv\/&#8221; url_new_window=&#8221;on&#8221; button_text=&#8221;Escola Superior Tecnologia e Gest\u00e3o de Viseu&#8221; _builder_version=&#8221;4.21.0&#8243; _module_preset=&#8221;9ec06c1e-9f56-4dab-adf1-cda85d4099e1&#8243; custom_padding=&#8221;18px||18px|110px|true|false&#8221; global_colors_info=&#8221;{}&#8221; custom_padding__hover=&#8221;|||130px|true|false&#8221;][\/et_pb_button][et_pb_button button_url=&#8221;https:\/\/ipv.pt\/en\/schools\/&#8221; button_text=&#8221;Know more&#8221; _builder_version=&#8221;4.21.0&#8243; _module_preset=&#8221;f63106a5-b280-4f4c-93ef-8588d8fdd8d3&#8243; custom_margin=&#8221;50px||||false|false&#8221; global_colors_info=&#8221;{}&#8221;][\/et_pb_button][\/et_pb_column][\/et_pb_row][\/et_pb_section][et_pb_section fb_built=&#8221;1&#8243; module_id=&#8221;courses&#8221; _builder_version=&#8221;4.21.0&#8243; _module_preset=&#8221;7fde4bb9-3d81-4a7d-9d30-97147e1b863a&#8221; background_color=&#8221;#2B2E34&#8243; custom_margin=&#8221;-2px|||||&#8221; global_colors_info=&#8221;{}&#8221;][et_pb_row _builder_version=&#8221;4.21.0&#8243; _module_preset=&#8221;291daa8b-eacf-4271-8a58-e59b880a1e7e&#8221; global_colors_info=&#8221;{}&#8221;][et_pb_column type=&#8221;4_4&#8243; _builder_version=&#8221;4.16&#8243; _module_preset=&#8221;default&#8221; global_colors_info=&#8221;{}&#8221;][et_pb_text admin_label=&#8221;Text&#8221; _builder_version=&#8221;4.21.0&#8243; _module_preset=&#8221;628913dc-903b-400f-a41f-04d9eb876320&#8243; global_colors_info=&#8221;{}&#8221;]<\/p>\n<h2>Courses<\/h2>\n<p>[\/et_pb_text][\/et_pb_column][\/et_pb_row][et_pb_row column_structure=&#8221;1_4,1_4,1_4,1_4&#8243; _builder_version=&#8221;4.21.0&#8243; _module_preset=&#8221;8d585fec-ce39-41ab-8dea-1b4e671abd9b&#8221; custom_padding=&#8221;0%|10%|0%|10%|true|true&#8221; global_colors_info=&#8221;{}&#8221;][et_pb_column type=&#8221;1_4&#8243; _builder_version=&#8221;4.16&#8243; _module_preset=&#8221;default&#8221; global_colors_info=&#8221;{}&#8221;][et_pb_cta button_url=&#8221;https:\/\/ipv.pt\/en\/ctesp\/&#8221; button_text=&#8221;Higher Technical Professional Courses&#8221; _builder_version=&#8221;4.21.0&#8243; _module_preset=&#8221;bc685d17-5a29-45a8-a7ac-8ef22731ca64&#8243; background_image=&#8221;https:\/\/www.ipv.pt\/wp-content\/uploads\/2021\/06\/abstrato_2_2.jpg&#8221; link_option_url=&#8221;https:\/\/ipv.pt\/en\/ctesp\/&#8221; global_colors_info=&#8221;{}&#8221;][\/et_pb_cta][\/et_pb_column][et_pb_column type=&#8221;1_4&#8243; _builder_version=&#8221;4.16&#8243; _module_preset=&#8221;default&#8221; global_colors_info=&#8221;{}&#8221;][et_pb_cta button_url=&#8221;https:\/\/ipv.pt\/en\/bachelor-degrees\/&#8221; button_text=&#8221;Bachelor Degree&#8221; _builder_version=&#8221;4.21.0&#8243; _module_preset=&#8221;bc685d17-5a29-45a8-a7ac-8ef22731ca64&#8243; background_image=&#8221;https:\/\/www.ipv.pt\/wp-content\/uploads\/2021\/06\/abstrato_2_5.jpg&#8221; link_option_url=&#8221;https:\/\/ipv.pt\/en\/bachelor-degrees\/&#8221; global_colors_info=&#8221;{}&#8221;][\/et_pb_cta][\/et_pb_column][et_pb_column type=&#8221;1_4&#8243; _builder_version=&#8221;4.16&#8243; _module_preset=&#8221;default&#8221; global_colors_info=&#8221;{}&#8221;][et_pb_cta button_url=&#8221;https:\/\/ipv.pt\/en\/masters-degree\/&#8221; button_text=&#8221;Master&#8217;s Degree&#8221; _builder_version=&#8221;4.21.0&#8243; _module_preset=&#8221;bc685d17-5a29-45a8-a7ac-8ef22731ca64&#8243; background_image=&#8221;https:\/\/www.ipv.pt\/wp-content\/uploads\/2021\/09\/architecture-3357028_1920.jpg&#8221; link_option_url=&#8221;https:\/\/ipv.pt\/en\/masters-degree\/&#8221; global_colors_info=&#8221;{}&#8221;][\/et_pb_cta][\/et_pb_column][et_pb_column type=&#8221;1_4&#8243; _builder_version=&#8221;4.16&#8243; _module_preset=&#8221;default&#8221; global_colors_info=&#8221;{}&#8221;][et_pb_cta button_url=&#8221;https:\/\/ipv.pt\/en\/postgraduate\/&#8221; button_text=&#8221;Postgraduate&#8221; _builder_version=&#8221;4.21.0&#8243; _module_preset=&#8221;bc685d17-5a29-45a8-a7ac-8ef22731ca64&#8243; link_option_url=&#8221;https:\/\/ipv.pt\/en\/postgraduate\/&#8221; global_colors_info=&#8221;{}&#8221;][\/et_pb_cta][\/et_pb_column][\/et_pb_row][et_pb_row column_structure=&#8221;1_4,1_4,1_4,1_4&#8243; _builder_version=&#8221;4.21.0&#8243; _module_preset=&#8221;291daa8b-eacf-4271-8a58-e59b880a1e7e&#8221; global_colors_info=&#8221;{}&#8221;][et_pb_column type=&#8221;1_4&#8243; _builder_version=&#8221;4.16&#8243; _module_preset=&#8221;default&#8221; global_colors_info=&#8221;{}&#8221;][et_pb_cta button_url=&#8221;https:\/\/ipv.pt\/en\/postgraduate-specialization\/&#8221; button_text=&#8221;Postgraduate Specialization&#8221; _builder_version=&#8221;4.21.0&#8243; _module_preset=&#8221;bc685d17-5a29-45a8-a7ac-8ef22731ca64&#8243; background_image=&#8221;https:\/\/www.ipv.pt\/wp-content\/uploads\/2021\/06\/grupo_pessoas_1.jpg&#8221; link_option_url=&#8221;https:\/\/ipv.pt\/en\/postgraduate-specialization\/&#8221; global_colors_info=&#8221;{}&#8221;][\/et_pb_cta][\/et_pb_column][et_pb_column type=&#8221;1_4&#8243; _builder_version=&#8221;4.16&#8243; _module_preset=&#8221;default&#8221; global_colors_info=&#8221;{}&#8221;][et_pb_cta button_url=&#8221;@ET-DC@eyJkeW5hbWljIjp0cnVlLCJjb250ZW50IjoicG9zdF9saW5rX3VybF9wYWdlIiwic2V0dGluZ3MiOnsicG9zdF9pZCI6IjY0NzMifX0=@&#8221; button_text=&#8221; Secretaria Virtual&#8221; disabled_on=&#8221;on|on|on&#8221; _builder_version=&#8221;4.21.0&#8243; _dynamic_attributes=&#8221;link_option_url,button_url&#8221; _module_preset=&#8221;bc685d17-5a29-45a8-a7ac-8ef22731ca64&#8243; background_image=&#8221;https:\/\/www.ipv.pt\/wp-content\/uploads\/2021\/06\/abstrato_3-sq.jpg&#8221; link_option_url=&#8221;@ET-DC@eyJkeW5hbWljIjp0cnVlLCJjb250ZW50IjoicG9zdF9saW5rX3VybF9wYWdlIiwic2V0dGluZ3MiOnsicG9zdF9pZCI6IjY0NzMifX0=@&#8221; disabled=&#8221;on&#8221; global_colors_info=&#8221;{}&#8221; background__hover_enabled=&#8221;on|desktop&#8221;][\/et_pb_cta][\/et_pb_column][et_pb_column type=&#8221;1_4&#8243; _builder_version=&#8221;4.16&#8243; _module_preset=&#8221;default&#8221; global_colors_info=&#8221;{}&#8221;][et_pb_cta button_url=&#8221;@ET-DC@eyJkeW5hbWljIjp0cnVlLCJjb250ZW50IjoicG9zdF9saW5rX3VybF9wYWdlIiwic2V0dGluZ3MiOnsicG9zdF9pZCI6IjM2ODkzIn19@&#8221; button_text=&#8221;Forma\u00e7\u00f5es PRR&#8221; disabled_on=&#8221;on|on|on&#8221; _builder_version=&#8221;4.21.0&#8243; _dynamic_attributes=&#8221;link_option_url,button_url&#8221; _module_preset=&#8221;bc685d17-5a29-45a8-a7ac-8ef22731ca64&#8243; background_color_gradient_start=&#8221;rgba(0,0,0,0.17)&#8221; background_image=&#8221;https:\/\/ipv.pt\/wp-content\/uploads\/2022\/09\/PRR-em-1-2.jpg&#8221; button_icon_color=&#8221;#35322c&#8221; link_option_url=&#8221;@ET-DC@eyJkeW5hbWljIjp0cnVlLCJjb250ZW50IjoicG9zdF9saW5rX3VybF9wYWdlIiwic2V0dGluZ3MiOnsicG9zdF9pZCI6IjM2ODkzIn19@&#8221; disabled=&#8221;on&#8221; global_colors_info=&#8221;{}&#8221; background__hover_enabled=&#8221;on|desktop&#8221;][\/et_pb_cta][\/et_pb_column][et_pb_column type=&#8221;1_4&#8243; _builder_version=&#8221;4.16&#8243; _module_preset=&#8221;default&#8221; global_colors_info=&#8221;{}&#8221;][et_pb_cta button_url=&#8221;@ET-DC@eyJkeW5hbWljIjp0cnVlLCJjb250ZW50IjoicG9zdF9saW5rX3VybF9wYWdlIiwic2V0dGluZ3MiOnsicG9zdF9pZCI6IjIyODYifX0=@&#8221; button_text=&#8221;Outras Forma\u00e7\u00f5es&#8221; disabled_on=&#8221;on|on|on&#8221; _builder_version=&#8221;4.16&#8243; _dynamic_attributes=&#8221;button_url,link_option_url&#8221; _module_preset=&#8221;bc685d17-5a29-45a8-a7ac-8ef22731ca64&#8243; background_image=&#8221;https:\/\/www.ipv.pt\/wp-content\/uploads\/2021\/06\/acesso1.jpg&#8221; link_option_url=&#8221;@ET-DC@eyJkeW5hbWljIjp0cnVlLCJjb250ZW50IjoicG9zdF9saW5rX3VybF9wYWdlIiwic2V0dGluZ3MiOnsicG9zdF9pZCI6IjIyODYifX0=@&#8221; disabled=&#8221;on&#8221; global_colors_info=&#8221;{}&#8221;][\/et_pb_cta][\/et_pb_column][\/et_pb_row][\/et_pb_section][et_pb_section fb_built=&#8221;1&#8243; module_id=&#8221;higher-education-admission&#8221; _builder_version=&#8221;4.21.0&#8243; _module_preset=&#8221;7fde4bb9-3d81-4a7d-9d30-97147e1b863a&#8221; background_color=&#8221;#FFFFFF&#8221; custom_margin=&#8221;0px||||false|false&#8221; global_colors_info=&#8221;{}&#8221;][et_pb_row column_structure=&#8221;1_2,1_2&#8243; _builder_version=&#8221;4.21.0&#8243; _module_preset=&#8221;70a29746-2c3f-4dcf-ba6f-b31edc1af29d&#8221; global_colors_info=&#8221;{}&#8221;][et_pb_column type=&#8221;1_2&#8243; _builder_version=&#8221;4.16&#8243; _module_preset=&#8221;default&#8221; global_colors_info=&#8221;{}&#8221;][et_pb_image src=&#8221;https:\/\/ipv.pt\/wp-content\/uploads\/2023\/08\/arquitetura_1@2x.png&#8221; title_text=&#8221;arquitetura_1@2x&#8221; admin_label=&#8221;Imagem&#8221; _builder_version=&#8221;4.21.0&#8243; _module_preset=&#8221;d61182bd-dd29-4a81-9dbb-f235a59bc018&#8243; background_image=&#8221;https:\/\/ipv.pt\/wp-content\/uploads\/2023\/08\/abstrato_2_2.jpg&#8221; locked=&#8221;off&#8221; global_colors_info=&#8221;{}&#8221;][\/et_pb_image][\/et_pb_column][et_pb_column type=&#8221;1_2&#8243; _builder_version=&#8221;4.16&#8243; _module_preset=&#8221;default&#8221; global_colors_info=&#8221;{}&#8221;][et_pb_text _builder_version=&#8221;4.21.0&#8243; _module_preset=&#8221;07a2e002-12f8-4363-9d06-62ecc332b833&#8243; global_colors_info=&#8221;{}&#8221;]<\/p>\n<h2>Higher Education admission<\/h2>\n<p>[\/et_pb_text][et_pb_text _builder_version=&#8221;4.21.0&#8243; _module_preset=&#8221;default&#8221; global_colors_info=&#8221;{}&#8221;]<\/p>\n<p>The Portuguese higher education is organized in a binary system that integrates university education and polytechnic education and is taught in public and private institutions.<br \/>Polytechnic education is guided by a perspective of applied research and development, aimed at understanding and solving concrete problems and aims to provide solid cultural and technical training at a higher level, to develop the capacity for innovation and critical analysis and to impart scientific knowledge of theoretical and practical nature and their applications with a view to the exercise of professional activities.<\/p>\n<p>The Polytechnic of Viseu is the only public higher education institution in the district of Viseu. The training offer of the five Higher Schools of the Polytechnic of Viseu is available in several study cycles: CTeSP, Bachelors, Masters, Post-Graduates and Post-Graduates.<br \/>Access options to the Polytechnic of Viseu are indicated separately for national and international students, and are then presented, depending on the condition of each candidate, which are the competitions, deadlines and forms of application.<\/p>\n<p>[\/et_pb_text][et_pb_button button_url=&#8221;https:\/\/ipv.pt\/en\/study\/international\/&#8221; button_text=&#8221;International Student&#8221; _builder_version=&#8221;4.21.0&#8243; _module_preset=&#8221;default&#8221; locked=&#8221;off&#8221; global_colors_info=&#8221;{}&#8221;][\/et_pb_button][\/et_pb_column][\/et_pb_row][\/et_pb_section][et_pb_section fb_built=&#8221;1&#8243; module_id=&#8221;funded-courses&#8221; _builder_version=&#8221;4.21.0&#8243; _module_preset=&#8221;7fde4bb9-3d81-4a7d-9d30-97147e1b863a&#8221; background_color=&#8221;#f2f2f2&#8243; custom_margin=&#8221;0px||||false|false&#8221; global_colors_info=&#8221;{}&#8221;][et_pb_row column_structure=&#8221;1_2,1_2&#8243; module_id=&#8221;projetos&#8221; _builder_version=&#8221;4.21.0&#8243; _module_preset=&#8221;70a29746-2c3f-4dcf-ba6f-b31edc1af29d&#8221; global_colors_info=&#8221;{}&#8221;][et_pb_column type=&#8221;1_2&#8243; _builder_version=&#8221;4.16&#8243; _module_preset=&#8221;default&#8221; global_colors_info=&#8221;{}&#8221;][et_pb_text _builder_version=&#8221;4.21.0&#8243; _module_preset=&#8221;07a2e002-12f8-4363-9d06-62ecc332b833&#8243; global_colors_info=&#8221;{}&#8221;]<\/p>\n<h2>Funded courses<\/h2>\n<p>[\/et_pb_text][et_pb_text _builder_version=&#8221;4.21.0&#8243; _module_preset=&#8221;default&#8221; global_colors_info=&#8221;{}&#8221;]<\/p>\n<p><strong>Higher Technical Professional Courses<\/strong><\/p>\n<p>Higher Professional Technical Courses (CTeSP) are higher education study cycles that last four academic semesters, corresponding to 120 credit units (ECTS).<br \/>The functioning of the CTeSP is supported by the Center\u2019s Regional Operational Program \u2013 CENTRO2020, inserted in the priority axis to develop human potential, investing in education, training and lifelong learning.<\/p>\n<p>[\/et_pb_text][et_pb_toggle title=&#8221;Active in 2019, 2020 and 2021 &#8221; _builder_version=&#8221;4.21.0&#8243; _module_preset=&#8221;default&#8221; global_colors_info=&#8221;{}&#8221;]<\/p>\n<p><strong>CTeSP&#8217;s apoiados pelo CENTRO &#8211; Instituto Polit\u00e9cnico de Viseu<\/strong><\/p>\n<ul>\n<li>CENTRO-03-5368-FSE-00036 &#8211; Apoio a 18 CTeSP&#8217;s, com 176 formandos, com in\u00edcio em 28.09.2020 e t\u00e9rminus em 30.09.2022. | <span style=\"text-decoration: underline;\"><strong><a href=\"https:\/\/ipv.pt\/wp-content\/uploads\/2023\/08\/Ficha-projeto-CTeSP36.pdf\" target=\"_blank\" rel=\"noopener\">open<\/a><\/strong><\/span><br \/><a href=\"http:\/\/www.pdr-2020.pt\/\" target=\"_blank\" rel=\"noopener\"><img loading=\"lazy\" decoding=\"async\" src=\"https:\/\/ipv.pt\/wp-content\/uploads\/2023\/08\/cofinanciado-of-ctesp.png\" width=\"266\" height=\"46\" \/><\/a><\/li>\n<li>CENTRO-03-5368-FSE-00029 &#8211; Apoio a 18 CTeSP&#8217;s, com 244 formandos, com in\u00edcio em 16.09.2019 e t\u00e9rminus em 21.09.2021. | <span style=\"text-decoration: underline;\"><strong><a href=\"https:\/\/ipv.pt\/wp-content\/uploads\/2023\/08\/Ficha-projeto-CTeSP29.pdf\" target=\"_blank\" rel=\"noopener\">open<\/a><\/strong><\/span><br \/><a href=\"http:\/\/www.pdr-2020.pt\/\" target=\"_blank\" rel=\"noopener\"><img loading=\"lazy\" decoding=\"async\" src=\"https:\/\/ipv.pt\/wp-content\/uploads\/2023\/08\/cofinanciado-of-ctesp.png\" width=\"266\" height=\"46\" \/><\/a><\/li>\n<\/ul>\n<p>[\/et_pb_toggle][\/et_pb_column][et_pb_column type=&#8221;1_2&#8243; _builder_version=&#8221;4.16&#8243; _module_preset=&#8221;default&#8221; global_colors_info=&#8221;{}&#8221;][et_pb_image title_text=&#8221;abstrato_2_2&#8243; admin_label=&#8221;Imagem&#8221; _builder_version=&#8221;4.21.0&#8243; _module_preset=&#8221;d61182bd-dd29-4a81-9dbb-f235a59bc018&#8243; background_image=&#8221;https:\/\/ipv.pt\/wp-content\/uploads\/2023\/08\/abstrato_2_2.jpg&#8221; locked=&#8221;off&#8221; global_colors_info=&#8221;{}&#8221;][\/et_pb_image][\/et_pb_column][\/et_pb_row][\/et_pb_section][et_pb_section fb_built=&#8221;1&#8243; disabled_on=&#8221;on|on|off&#8221; _builder_version=&#8221;4.21.0&#8243; _module_preset=&#8221;default&#8221; background_color=&#8221;#F2F2F2&#8243; bottom_divider_style=&#8221;curve&#8221; bottom_divider_color=&#8221;#2B2E34&#8243; locked=&#8221;off&#8221; collapsed=&#8221;off&#8221; global_colors_info=&#8221;{}&#8221;][\/et_pb_section]<\/p>\n","protected":false},"excerpt":{"rendered":"<p>StudyAn Institution to suit your needsThe IPV is composed of five higher education institutions: Escola Superior de Educa\u00e7\u00e3o, Escola Superior de Tecnologia e Gest\u00e3o de Viseu, Escola Superior Agr\u00e1ria, Escola [&hellip;]<\/p>\n","protected":false},"author":1,"featured_media":0,"parent":0,"menu_order":53,"comment_status":"closed","ping_status":"closed","template":"","meta":{"_et_pb_use_builder":"on","_et_pb_old_content":"","_et_gb_content_width":"","inline_featured_image":false,"footnotes":""},"class_list":["post-57442","page","type-page","status-publish","hentry"],"_links":{"self":[{"href":"https:\/\/ipv.pt\/en\/wp-json\/wp\/v2\/pages\/57442","targetHints":{"allow":["GET"]}}],"collection":[{"href":"https:\/\/ipv.pt\/en\/wp-json\/wp\/v2\/pages"}],"about":[{"href":"https:\/\/ipv.pt\/en\/wp-json\/wp\/v2\/types\/page"}],"author":[{"embeddable":true,"href":"https:\/\/ipv.pt\/en\/wp-json\/wp\/v2\/users\/1"}],"replies":[{"embeddable":true,"href":"https:\/\/ipv.pt\/en\/wp-json\/wp\/v2\/comments?post=57442"}],"version-history":[{"count":5,"href":"https:\/\/ipv.pt\/en\/wp-json\/wp\/v2\/pages\/57442\/revisions"}],"predecessor-version":[{"id":69066,"href":"https:\/\/ipv.pt\/en\/wp-json\/wp\/v2\/pages\/57442\/revisions\/69066"}],"wp:attachment":[{"href":"https:\/\/ipv.pt\/en\/wp-json\/wp\/v2\/media?parent=57442"}],"curies":[{"name":"wp","href":"https:\/\/api.w.org\/{rel}","templated":true}]}}