{"id":65336,"date":"2024-01-23T09:34:17","date_gmt":"2024-01-23T09:34:17","guid":{"rendered":"https:\/\/ipv.pt\/acess-monitor-homepage\/"},"modified":"2025-03-26T09:54:15","modified_gmt":"2025-03-26T09:54:15","slug":"acess-monitor-homepage","status":"publish","type":"page","link":"https:\/\/ipv.pt\/en\/","title":{"rendered":"Homepage &#8211; IPV"},"content":{"rendered":"<p>[et_pb_section fb_built=&#8221;1&#8243; fullwidth=&#8221;on&#8221; disabled_on=&#8221;off|off|off&#8221; _builder_version=&#8221;4.27.4&#8243; _module_preset=&#8221;default&#8221; use_background_color_gradient=&#8221;on&#8221; background_color_gradient_stops=&#8221;#a3a3a3 0%|#777777 100%&#8221; locked=&#8221;off&#8221; global_colors_info=&#8221;{}&#8221;][et_pb_fullwidth_slider _builder_version=&#8221;4.27.4&#8243; _module_preset=&#8221;default&#8221; header_text_align=&#8221;center&#8221; custom_padding=&#8221;||325px|||&#8221; auto=&#8221;on&#8221; auto_ignore_hover=&#8221;on&#8221; hover_enabled=&#8221;0&#8243; global_colors_info=&#8221;{}&#8221; sticky_enabled=&#8221;0&#8243;][et_pb_slide heading=&#8221;From IPV you can see the world&#8221; use_bg_overlay=&#8221;on&#8221; use_text_overlay=&#8221;off&#8221; _builder_version=&#8221;4.27.4&#8243; _module_preset=&#8221;default&#8221; header_level=&#8221;h1&#8243; header_font_size=&#8221;48px&#8221; background_enable_color=&#8221;off&#8221; use_background_color_gradient=&#8221;on&#8221; background_color_gradient_stops=&#8221;rgba(43,46,52,0.43) 0%|rgba(43,46,52,0.43) 100%&#8221; background_color_gradient_overlays_image=&#8221;on&#8221; background_color_gradient_start=&#8221;rgba(43,46,52,0.43)&#8221; background_color_gradient_end=&#8221;rgba(43,46,52,0.43)&#8221; background_image=&#8221;https:\/\/ipv.pt\/wp-content\/uploads\/2025\/01\/site-1_11zon-scaled.webp&#8221; background_enable_image=&#8221;on&#8221; custom_padding=&#8221;||168px||false|false&#8221; link_option_url=&#8221;https:\/\/ipv.pt\/estudar-no-ipv\/&#8221; global_colors_info=&#8221;{}&#8221; sticky_transition=&#8221;on&#8221;][\/et_pb_slide][et_pb_slide heading=&#8221;Projetos de Igni\u00e7\u00e3o e Provas de Conceito&#8221; button_text=&#8221;+INFO&#8221; button_link=&#8221;https:\/\/ipv.pt\/inovcmais\/#pi&#8221; _builder_version=&#8221;4.27.4&#8243; _module_preset=&#8221;default&#8221; header_text_color=&#8221;#FFFFFF&#8221; header_font_size=&#8221;47px&#8221; body_font_size=&#8221;22px&#8221; use_background_color_gradient=&#8221;on&#8221; background_color_gradient_stops=&#8221;rgba(43,46,52,0.43) 0%|rgba(43,46,52,0.43) 100%&#8221; background_color_gradient_overlays_image=&#8221;on&#8221; background_color_gradient_start=&#8221;rgba(43,46,52,0.43)&#8221; background_color_gradient_end=&#8221;rgba(43,46,52,0.43)&#8221; background_image=&#8221;https:\/\/ipv.pt\/wp-content\/uploads\/2025\/03\/banner_ignicao-scaled.webp&#8221; background_enable_image=&#8221;on&#8221; custom_button=&#8221;on&#8221; button_text_size=&#8221;19px&#8221; button_text_color=&#8221;#1B4B3C&#8221; button_bg_color=&#8221;#FFFFFF&#8221; button_border_width=&#8221;2px&#8221; button_border_radius=&#8221;47px&#8221; button_use_icon=&#8221;off&#8221; custom_padding=&#8221;||116px||false|false&#8221; link_option_url=&#8221;https:\/\/ipv.pt\/inovcmais\/#pi&#8221; global_colors_info=&#8221;{}&#8221; sticky_transition=&#8221;on&#8221;]<\/p>\n<p>Candidaturas at\u00e9 14 de abril<\/p>\n<p>[\/et_pb_slide][et_pb_slide heading=&#8221;Assembleia Geral da EUNICE&#8221; button_link=&#8221;https:\/\/euniceipv.github.io\/ga\/&#8221; _builder_version=&#8221;4.27.4&#8243; _module_preset=&#8221;default&#8221; header_text_color=&#8221;#2B2E34&#8243; header_font_size=&#8221;48px&#8221; body_font=&#8221;|700|||||||&#8221; body_text_align=&#8221;center&#8221; body_text_color=&#8221;#2B2E34&#8243; body_font_size=&#8221;22px&#8221; body_line_height=&#8221;2em&#8221; use_background_color_gradient=&#8221;on&#8221; background_color_gradient_stops=&#8221;rgba(43,46,52,0.43) 0%|rgba(43,46,52,0.43) 100%&#8221; background_color_gradient_overlays_image=&#8221;on&#8221; background_color_gradient_start=&#8221;rgba(43,46,52,0.43)&#8221; background_color_gradient_end=&#8221;rgba(43,46,52,0.43)&#8221; background_image=&#8221;https:\/\/ipv.pt\/wp-content\/uploads\/2025\/02\/EUNICE-GA-2025-banner.v12b.webp&#8221; background_enable_image=&#8221;on&#8221; custom_padding=&#8221;||116px||false|false&#8221; link_option_url=&#8221;https:\/\/euniceipv.github.io\/ga\/&#8221; global_colors_info=&#8221;{}&#8221; sticky_transition=&#8221;on&#8221;]<\/p>\n<p>em Viseu<\/p>\n<p>[\/et_pb_slide][et_pb_slide _builder_version=&#8221;4.27.4&#8243; _module_preset=&#8221;default&#8221; use_background_color_gradient=&#8221;on&#8221; background_color_gradient_stops=&#8221;rgba(43,46,52,0.43) 0%|rgba(43,46,52,0.43) 100%&#8221; background_color_gradient_overlays_image=&#8221;on&#8221; background_color_gradient_start=&#8221;rgba(43,46,52,0.43)&#8221; background_color_gradient_end=&#8221;rgba(43,46,52,0.43)&#8221; background_image=&#8221;https:\/\/ipv.pt\/wp-content\/uploads\/2025\/01\/licenciaturas-1-scaled.webp&#8221; background_enable_image=&#8221;on&#8221; link_option_url=&#8221;https:\/\/ipv.pt\/estudar\/nacional\/licenciaturas\/cursos\/&#8221; global_colors_info=&#8221;{}&#8221; sticky_transition=&#8221;on&#8221;]<\/p>\n<p>&nbsp;<\/p>\n<p>&nbsp;<\/p>\n<p>&nbsp;<\/p>\n<p>&nbsp;<\/p>\n<p>&nbsp;<\/p>\n<p>[\/et_pb_slide][et_pb_slide _builder_version=&#8221;4.27.4&#8243; _module_preset=&#8221;default&#8221; use_background_color_gradient=&#8221;on&#8221; background_color_gradient_stops=&#8221;rgba(43,46,52,0.43) 0%|rgba(43,46,52,0.43) 100%&#8221; background_color_gradient_overlays_image=&#8221;on&#8221; background_color_gradient_start=&#8221;rgba(43,46,52,0.43)&#8221; background_color_gradient_end=&#8221;rgba(43,46,52,0.43)&#8221; background_image=&#8221;https:\/\/ipv.pt\/wp-content\/uploads\/2025\/01\/mestrados-1-scaled.webp&#8221; background_enable_image=&#8221;on&#8221; link_option_url=&#8221;https:\/\/ipv.pt\/estudar\/nacional\/mestrados\/&#8221; global_colors_info=&#8221;{}&#8221; sticky_transition=&#8221;on&#8221;]<\/p>\n<p>&nbsp;<\/p>\n<p>&nbsp;<\/p>\n<p>&nbsp;<\/p>\n<p>&nbsp;<\/p>\n<p>&nbsp;<\/p>\n<p>[\/et_pb_slide][et_pb_slide _builder_version=&#8221;4.27.4&#8243; _module_preset=&#8221;default&#8221; use_background_color_gradient=&#8221;on&#8221; background_color_gradient_stops=&#8221;rgba(43,46,52,0.43) 0%|rgba(43,46,52,0.43) 100%&#8221; background_color_gradient_overlays_image=&#8221;on&#8221; background_color_gradient_start=&#8221;rgba(43,46,52,0.43)&#8221; background_color_gradient_end=&#8221;rgba(43,46,52,0.43)&#8221; background_image=&#8221;https:\/\/ipv.pt\/wp-content\/uploads\/2025\/01\/ctesp-300&#215;89-1-scaled.webp&#8221; background_enable_image=&#8221;on&#8221; link_option_url=&#8221;https:\/\/ipv.pt\/estudar\/nacional\/ctesp\/&#8221; global_colors_info=&#8221;{}&#8221; sticky_transition=&#8221;on&#8221;]<\/p>\n<p>&nbsp;<\/p>\n<p>&nbsp;<\/p>\n<p>&nbsp;<\/p>\n<p>&nbsp;<\/p>\n<p>&nbsp;<\/p>\n<p>[\/et_pb_slide][et_pb_slide heading=&#8221;Projeto \u201cMove Forward With Us\u201d lan\u00e7a regulamento de Bolsas de M\u00e9rito                                                                                             &#8221; button_text=&#8221;+INFO&#8221; _builder_version=&#8221;4.27.4&#8243; _module_preset=&#8221;default&#8221; header_text_color=&#8221;#973554&#8243; header_font_size=&#8221;46px&#8221; header_letter_spacing=&#8221;0px&#8221; body_text_color=&#8221;#063A6B&#8221; body_font_size=&#8221;22px&#8221; body_line_height=&#8221;1em&#8221; use_background_color_gradient=&#8221;on&#8221; background_color_gradient_stops=&#8221;rgba(43,46,52,0.43) 0%|rgba(43,46,52,0.43) 100%&#8221; background_color_gradient_overlays_image=&#8221;on&#8221; background_color_gradient_start=&#8221;rgba(43,46,52,0.43)&#8221; background_color_gradient_end=&#8221;rgba(43,46,52,0.43)&#8221; background_image=&#8221;https:\/\/ipv.pt\/wp-content\/uploads\/2025\/01\/banner-projeto.png&#8221; background_enable_image=&#8221;on&#8221; custom_button=&#8221;on&#8221; button_text_size=&#8221;19px&#8221; button_text_color=&#8221;#96353C&#8221; button_bg_color=&#8221;#FFFFFF&#8221; button_border_width=&#8221;2px&#8221; button_border_color=&#8221;#96353C&#8221; button_border_radius=&#8221;46px&#8221; button_font=&#8221;|700|||||||&#8221; button_use_icon=&#8221;off&#8221; custom_padding=&#8221;||116px||false|false&#8221; link_option_url=&#8221;https:\/\/ipv.pt\/wp-content\/uploads\/2025\/01\/Regulam-Bolsa-de-Merito-final_signed.pdf&#8221; global_colors_info=&#8221;{}&#8221; sticky_transition=&#8221;on&#8221;]<\/p>\n<p>N\u00e3o percas esta oportunidade!<\/p>\n<p>[\/et_pb_slide][et_pb_slide heading=&#8221;Cursos PRR                                                                                         &#8221; button_text=&#8221;Inscri\u00e7\u00f5es Gratuitas&#8221; button_link=&#8221;https:\/\/ipv.pt\/impulso-jovens-steam-e-adultos\/&#8221; _builder_version=&#8221;4.27.4&#8243; _module_preset=&#8221;default&#8221; header_text_color=&#8221;#FFFFFF&#8221; header_font_size=&#8221;46px&#8221; header_letter_spacing=&#8221;0px&#8221; body_text_color=&#8221;#063A6B&#8221; body_font_size=&#8221;22px&#8221; body_line_height=&#8221;1em&#8221; background_color=&#8221;#A3A3A3&#8243; background_enable_color=&#8221;on&#8221; use_background_color_gradient=&#8221;on&#8221; background_color_gradient_stops=&#8221;rgba(43,46,52,0.43) 0%|rgba(43,46,52,0.43) 100%&#8221; background_color_gradient_overlays_image=&#8221;on&#8221; background_color_gradient_start=&#8221;rgba(43,46,52,0.43)&#8221; background_color_gradient_end=&#8221;rgba(43,46,52,0.43)&#8221; background_enable_image=&#8221;off&#8221; background_enable_mask_style=&#8221;on&#8221; background_mask_style=&#8221;square-stripes&#8221; background_mask_color=&#8221;#49967e&#8221; custom_button=&#8221;on&#8221; button_text_size=&#8221;19px&#8221; button_border_width=&#8221;2px&#8221; button_border_radius=&#8221;46px&#8221; button_use_icon=&#8221;off&#8221; custom_padding=&#8221;||116px||false|false&#8221; link_option_url=&#8221;https:\/\/ipv.pt\/impulso-jovens-steam-e-adultos\/&#8221; global_colors_info=&#8221;{}&#8221; sticky_transition=&#8221;on&#8221;][\/et_pb_slide][et_pb_slide heading=&#8221;Poliempreende                                                                                   &#8221; _builder_version=&#8221;4.27.4&#8243; _module_preset=&#8221;default&#8221; header_text_color=&#8221;#2B2E34&#8243; header_font_size=&#8221;46px&#8221; header_letter_spacing=&#8221;0px&#8221; body_text_color=&#8221;#063A6B&#8221; body_font_size=&#8221;22px&#8221; body_line_height=&#8221;1em&#8221; background_color=&#8221;#A3A3A3&#8243; background_enable_color=&#8221;on&#8221; use_background_color_gradient=&#8221;on&#8221; background_color_gradient_stops=&#8221;rgba(43,46,52,0.43) 0%|rgba(43,46,52,0.43) 100%&#8221; background_color_gradient_overlays_image=&#8221;on&#8221; background_color_gradient_start=&#8221;rgba(43,46,52,0.43)&#8221; background_color_gradient_end=&#8221;rgba(43,46,52,0.43)&#8221; background_image=&#8221;https:\/\/ipv.pt\/wp-content\/uploads\/2025\/01\/banner_site-scaled.webp&#8221; background_enable_image=&#8221;on&#8221; custom_button=&#8221;on&#8221; button_text_size=&#8221;19px&#8221; button_border_width=&#8221;2px&#8221; button_border_radius=&#8221;46px&#8221; button_use_icon=&#8221;off&#8221; custom_padding=&#8221;||116px||false|false&#8221; link_option_url=&#8221;https:\/\/ipv.pt\/poliempreende\/&#8221; global_colors_info=&#8221;{}&#8221; sticky_transition=&#8221;on&#8221;][\/et_pb_slide][\/et_pb_fullwidth_slider][\/et_pb_section][et_pb_section fb_built=&#8221;1&#8243; disabled_on=&#8221;on|on|on&#8221; module_id=&#8221;viver&#8221; _builder_version=&#8221;4.21.0&#8243; _module_preset=&#8221;default&#8221; background_color=&#8221;#2B2E34&#8243; disabled=&#8221;on&#8221; global_colors_info=&#8221;{}&#8221;][et_pb_row _builder_version=&#8221;4.21.0&#8243; _module_preset=&#8221;default&#8221; locked=&#8221;off&#8221; global_colors_info=&#8221;{}&#8221;][et_pb_column type=&#8221;4_4&#8243; _builder_version=&#8221;4.21.0&#8243; _module_preset=&#8221;default&#8221; global_colors_info=&#8221;{}&#8221;][et_pb_text _builder_version=&#8221;4.21.0&#8243; _module_preset=&#8221;628913dc-903b-400f-a41f-04d9eb876320&#8243; global_colors_info=&#8221;{}&#8221;]<\/p>\n<h2>Living<\/h2>\n<p>[\/et_pb_text][\/et_pb_column][\/et_pb_row][et_pb_row column_structure=&#8221;1_2,1_2&#8243; _builder_version=&#8221;4.21.0&#8243; _module_preset=&#8221;default&#8221; global_colors_info=&#8221;{}&#8221;][et_pb_column type=&#8221;1_2&#8243; _builder_version=&#8221;4.21.0&#8243; _module_preset=&#8221;default&#8221; global_colors_info=&#8221;{}&#8221;][et_pb_text _builder_version=&#8221;4.21.0&#8243; _module_preset=&#8221;628913dc-903b-400f-a41f-04d9eb876320&#8243; global_colors_info=&#8221;{}&#8221;]<\/p>\n<p><strong>In Viseu<\/strong>, \u201cthe best city to study\u201d, <strong>and Lamego<\/strong>, a historical city treading the path towards contemporaneity, the Instituto Polit\u00e9cnico de Viseu (Polytechnic Institute of Viseu) offers, in these two cities, five higher education schools, renowned for their rigor and for the quality of their teaching.<\/p>\n<p>The diversity of the educational offer, combined with a strategy based on partnerships with the business, educational, cultural and social fabric, provides its graduates with a swift entry into working life and, at the same time, contributes to the development and progress of the region and of the country.<\/p>\n<p>[\/et_pb_text][et_pb_video src=&#8221;https:\/\/ipv.pt\/wp-content\/uploads\/2022\/03\/IPV-Institucional-PT_V1-2.mp4&#8243; image_src=&#8221;https:\/\/ipv.pt\/wp-content\/uploads\/2022\/03\/video_viver_V1-2.jpg&#8221; _builder_version=&#8221;4.21.0&#8243; _module_preset=&#8221;default&#8221; global_colors_info=&#8221;{}&#8221;][\/et_pb_video][\/et_pb_column][et_pb_column type=&#8221;1_2&#8243; _builder_version=&#8221;4.21.0&#8243; _module_preset=&#8221;default&#8221; global_colors_info=&#8221;{}&#8221;][et_pb_button button_url=&#8221;https:\/\/sas.ipv.pt\/&#8221; url_new_window=&#8221;on&#8221; button_text=&#8221;Servi\u00e7os de A\u00e7\u00e3o Social (SAS)&#8221; _builder_version=&#8221;4.21.0&#8243; _module_preset=&#8221;0680c590-706a-4d62-bab8-2c625682baa2&#8243; global_colors_info=&#8221;{}&#8221;][\/et_pb_button][et_pb_button button_url=&#8221;@ET-DC@eyJkeW5hbWljIjp0cnVlLCJjb250ZW50IjoicG9zdF9saW5rX3VybF9wYWdlIiwic2V0dGluZ3MiOnsicG9zdF9pZCI6IjIxMTU1IiwiZW5hYmxlX2h0bWwiOiJvZmYifX0=@&#8221; button_text=&#8221;CLAIM&#8221; _builder_version=&#8221;4.21.0&#8243; _dynamic_attributes=&#8221;button_url&#8221; _module_preset=&#8221;0680c590-706a-4d62-bab8-2c625682baa2&#8243; global_colors_info=&#8221;{}&#8221;][\/et_pb_button][et_pb_button button_url=&#8221;@ET-DC@eyJkeW5hbWljIjp0cnVlLCJjb250ZW50IjoicG9zdF9saW5rX3VybF9wYWdlIiwic2V0dGluZ3MiOnsicG9zdF9pZCI6IjU3NDE5IiwiZW5hYmxlX2h0bWwiOiJvZmYifX0=@&#8221; button_text=&#8221;From the Student Ombudsman Office&#8221; _builder_version=&#8221;4.21.0&#8243; _dynamic_attributes=&#8221;button_url&#8221; _module_preset=&#8221;0680c590-706a-4d62-bab8-2c625682baa2&#8243; global_colors_info=&#8221;{}&#8221;][\/et_pb_button][et_pb_button button_url=&#8221;@ET-DC@eyJkeW5hbWljIjp0cnVlLCJjb250ZW50IjoicG9zdF9saW5rX3VybF9wYWdlIiwic2V0dGluZ3MiOnsicG9zdF9pZCI6IjU3NDIzIiwiZW5hYmxlX2h0bWwiOiJvZmYifX0=@&#8221; button_text=&#8221;City&#8221; disabled_on=&#8221;off|off|off&#8221; _builder_version=&#8221;4.21.0&#8243; _dynamic_attributes=&#8221;button_url&#8221; _module_preset=&#8221;0680c590-706a-4d62-bab8-2c625682baa2&#8243; global_colors_info=&#8221;{}&#8221;][\/et_pb_button][\/et_pb_column][\/et_pb_row][\/et_pb_section][et_pb_section fb_built=&#8221;1&#8243; module_id=&#8221;ser&#8221; _builder_version=&#8221;4.21.0&#8243; _module_preset=&#8221;default&#8221; global_colors_info=&#8221;{}&#8221;][et_pb_row _builder_version=&#8221;4.21.0&#8243; _module_preset=&#8221;default&#8221; locked=&#8221;off&#8221; global_colors_info=&#8221;{}&#8221;][et_pb_column type=&#8221;4_4&#8243; _builder_version=&#8221;4.21.0&#8243; _module_preset=&#8221;default&#8221; global_colors_info=&#8221;{}&#8221;][et_pb_text _builder_version=&#8221;4.21.0&#8243; _module_preset=&#8221;456589a2-7514-4617-a87f-f44e5cf9f9bd&#8221; header_font_size=&#8221;60px&#8221; header_line_height=&#8221;70px&#8221; header_font_size_tablet=&#8221;50px&#8221; header_font_size_phone=&#8221;40px&#8221; header_line_height_tablet=&#8221;60px&#8221; header_line_height_phone=&#8221;50px&#8221; global_colors_info=&#8221;{}&#8221;]<\/p>\n<h2>Polytechnic University<\/h2>\n<p>[\/et_pb_text][\/et_pb_column][\/et_pb_row][et_pb_row column_structure=&#8221;1_4,1_4,1_4,1_4&#8243; _builder_version=&#8221;4.21.0&#8243; _module_preset=&#8221;default&#8221; global_colors_info=&#8221;{}&#8221;][et_pb_column type=&#8221;1_4&#8243; _builder_version=&#8221;4.21.0&#8243; _module_preset=&#8221;default&#8221; global_colors_info=&#8221;{}&#8221;][et_pb_cta button_url=&#8221;@ET-DC@eyJkeW5hbWljIjp0cnVlLCJjb250ZW50IjoicG9zdF9saW5rX3VybF9wYWdlIiwic2V0dGluZ3MiOnsicG9zdF9pZCI6IjU3NDYzIiwiZW5hYmxlX2h0bWwiOiJvZmYifX0=@&#8221; button_text=&#8221;About us&#8221; _builder_version=&#8221;4.21.0&#8243; _dynamic_attributes=&#8221;button_url,link_option_url&#8221; _module_preset=&#8221;409a5284-3166-45f3-83a3-c217d558ce6d&#8221; background_image=&#8221;https:\/\/ipv.pt\/wp-content\/uploads\/2021\/09\/ftimg_1318-circulo-2.jpg&#8221; link_option_url=&#8221;@ET-DC@eyJkeW5hbWljIjp0cnVlLCJjb250ZW50IjoicG9zdF9saW5rX3VybF9wYWdlIiwic2V0dGluZ3MiOnsicG9zdF9pZCI6IjU3NDYzIiwiZW5hYmxlX2h0bWwiOiJvZmYifX0=@&#8221; global_colors_info=&#8221;{}&#8221;][\/et_pb_cta][\/et_pb_column][et_pb_column type=&#8221;1_4&#8243; _builder_version=&#8221;4.21.0&#8243; _module_preset=&#8221;default&#8221; global_colors_info=&#8221;{}&#8221;][et_pb_cta button_url=&#8221;@ET-DC@eyJkeW5hbWljIjp0cnVlLCJjb250ZW50IjoicG9zdF9saW5rX3VybF9wYWdlIiwic2V0dGluZ3MiOnsicG9zdF9pZCI6IjU3NDA4IiwiZW5hYmxlX2h0bWwiOiJvZmYifX0=@&#8221; button_text=&#8221;Structure&#8221; _builder_version=&#8221;4.21.0&#8243; _dynamic_attributes=&#8221;button_url,link_option_url&#8221; _module_preset=&#8221;409a5284-3166-45f3-83a3-c217d558ce6d&#8221; background_image=&#8221;https:\/\/ipv.pt\/wp-content\/uploads\/2023\/12\/abstract_10.webp&#8221; link_option_url=&#8221;@ET-DC@eyJkeW5hbWljIjp0cnVlLCJjb250ZW50IjoicG9zdF9saW5rX3VybF9wYWdlIiwic2V0dGluZ3MiOnsicG9zdF9pZCI6IjU3NDA4IiwiZW5hYmxlX2h0bWwiOiJvZmYifX0=@&#8221; locked=&#8221;off&#8221; global_colors_info=&#8221;{}&#8221;][\/et_pb_cta][\/et_pb_column][et_pb_column type=&#8221;1_4&#8243; _builder_version=&#8221;4.21.0&#8243; _module_preset=&#8221;default&#8221; global_colors_info=&#8221;{}&#8221;][et_pb_cta button_url=&#8221;@ET-DC@eyJkeW5hbWljIjp0cnVlLCJjb250ZW50IjoicG9zdF9saW5rX3VybF9wYWdlIiwic2V0dGluZ3MiOnsicG9zdF9pZCI6IjU3NDA0IiwiZW5hYmxlX2h0bWwiOiJvZmYifX0=@&#8221; button_text=&#8221;Schools&#8221; _builder_version=&#8221;4.21.0&#8243; _dynamic_attributes=&#8221;button_url,link_option_url&#8221; _module_preset=&#8221;409a5284-3166-45f3-83a3-c217d558ce6d&#8221; background_image=&#8221;https:\/\/ipv.pt\/wp-content\/uploads\/2023\/12\/PViseu-PANO_4x4.webp&#8221; link_option_url=&#8221;@ET-DC@eyJkeW5hbWljIjp0cnVlLCJjb250ZW50IjoicG9zdF9saW5rX3VybF9wYWdlIiwic2V0dGluZ3MiOnsicG9zdF9pZCI6IjU3NDA0IiwiZW5hYmxlX2h0bWwiOiJvZmYifX0=@&#8221; locked=&#8221;off&#8221; global_colors_info=&#8221;{}&#8221;][\/et_pb_cta][\/et_pb_column][et_pb_column type=&#8221;1_4&#8243; _builder_version=&#8221;4.21.0&#8243; _module_preset=&#8221;default&#8221; global_colors_info=&#8221;{}&#8221;][et_pb_cta button_url=&#8221;https:\/\/ipv.pt\/sigq\/&#8221; button_text=&#8221;Evaluation and Quality&#8221; _builder_version=&#8221;4.21.0&#8243; _module_preset=&#8221;409a5284-3166-45f3-83a3-c217d558ce6d&#8221; background_image=&#8221;https:\/\/ipv.pt\/wp-content\/uploads\/2023\/12\/0_gaq_fundo_4x4.webp&#8221; link_option_url=&#8221;https:\/\/ipv.pt\/sigq\/&#8221; locked=&#8221;off&#8221; global_colors_info=&#8221;{}&#8221;][\/et_pb_cta][\/et_pb_column][\/et_pb_row][\/et_pb_section]<\/p>\n","protected":false},"excerpt":{"rendered":"<p>IPV &#8211; Do IPV v\u00ea-se o Mundo &#8211; Saiba mais sobre o IPV &#8211; Estudar | Mobilidade Erasmus | Forma\u00e7\u00f5es | Servi\u00e7os | Ferramentas | Network<\/p>\n","protected":false},"author":21018,"featured_media":0,"parent":0,"menu_order":0,"comment_status":"closed","ping_status":"closed","template":"","meta":{"_et_pb_use_builder":"on","_et_pb_old_content":"","_et_gb_content_width":"","inline_featured_image":false,"footnotes":""},"class_list":["post-65336","page","type-page","status-publish","hentry"],"_links":{"self":[{"href":"https:\/\/ipv.pt\/en\/wp-json\/wp\/v2\/pages\/65336","targetHints":{"allow":["GET"]}}],"collection":[{"href":"https:\/\/ipv.pt\/en\/wp-json\/wp\/v2\/pages"}],"about":[{"href":"https:\/\/ipv.pt\/en\/wp-json\/wp\/v2\/types\/page"}],"author":[{"embeddable":true,"href":"https:\/\/ipv.pt\/en\/wp-json\/wp\/v2\/users\/21018"}],"replies":[{"embeddable":true,"href":"https:\/\/ipv.pt\/en\/wp-json\/wp\/v2\/comments?post=65336"}],"version-history":[{"count":5,"href":"https:\/\/ipv.pt\/en\/wp-json\/wp\/v2\/pages\/65336\/revisions"}],"predecessor-version":[{"id":79292,"href":"https:\/\/ipv.pt\/en\/wp-json\/wp\/v2\/pages\/65336\/revisions\/79292"}],"wp:attachment":[{"href":"https:\/\/ipv.pt\/en\/wp-json\/wp\/v2\/media?parent=65336"}],"curies":[{"name":"wp","href":"https:\/\/api.w.org\/{rel}","templated":true}]}}